{"id":102023,"date":"2026-03-04T09:26:58","date_gmt":"2026-03-04T06:26:58","guid":{"rendered":"https:\/\/bursatto.com\/?page_id=102023"},"modified":"2026-03-04T09:31:05","modified_gmt":"2026-03-04T06:31:05","slug":"news","status":"publish","type":"page","link":"https:\/\/bursatto.com\/en\/news\/","title":{"rendered":"News"},"content":{"rendered":"<p>[vc_row unlock_row_content=&#8221;yes&#8221; row_height_percent=&#8221;0&#8243; override_padding=&#8221;yes&#8221; h_padding=&#8221;3&#8243; top_padding=&#8221;2&#8243; bottom_padding=&#8221;3&#8243; back_color=&#8221;color-lxmt&#8221; overlay_alpha=&#8221;100&#8243; gutter_size=&#8221;100&#8243; column_width_percent=&#8221;100&#8243; shift_y=&#8221;0&#8243; z_index=&#8221;0&#8243; style=&#8221;inherited&#8221;][vc_column width=&#8221;1\/1&#8243;][uncode_index el_id=&#8221;index-15588655905&#8243; isotope_mode=&#8221;fitRows&#8221; loop=&#8221;size:All|order_by:date|order:DESC|post_type:post&#8221; filtering=&#8221;yes&#8221; filtering_full_width=&#8221;yes&#8221; filtering_position=&#8221;center&#8221; filtering_uppercase=&#8221;yes&#8221; footer_full_width=&#8221;yes&#8221; gutter_size=&#8221;2&#8243; post_items=&#8221;media|featured|onpost|poster,category|colorbg|topright|display-icon,date,title,text|excerpt|84&#8243; page_items=&#8221;title,media,text,category&#8221; product_items=&#8221;title,media,text,category,price&#8221; portfolio_items=&#8221;title,media,text,category&#8221; screen_lg=&#8221;1700&#8243; screen_md=&#8221;960&#8243; screen_sm=&#8221;480&#8243; single_width=&#8221;2&#8243; images_size=&#8221;three-two&#8221; single_back_color=&#8221;color-xsdn&#8221; single_shape=&#8221;round&#8221; radius=&#8221;xs&#8221; single_overlay_opacity=&#8221;50&#8243; single_overlay_anim=&#8221;no&#8221; single_padding=&#8221;2&#8243; single_title_dimension=&#8221;h5&#8243; single_title_space=&#8221;fontspace-781688&#8243; single_shadow=&#8221;yes&#8221; shadow_weight=&#8221;sm&#8221; single_border=&#8221;yes&#8221; single_css_animation=&#8221;bottom-t-top&#8221; single_animation_delay=&#8221;200&#8243; single_half_padding=&#8221;&#8221; single_title_bold=&#8221;yes&#8221; single_title_serif=&#8221;&#8221; single_title_divider=&#8221;&#8221; single_no_background=&#8221;&#8221; items=&#8221;e30=&#8221; footer_position=&#8221;left&#8221; carousel_rtl=&#8221;&#8221; single_icon=&#8221;fa fa-plus2&#8243; filtering_transform=&#8221;uppercase&#8221; filter_all_text=&#8221;HEPS\u0130N\u0130 G\u00d6STER&#8221;][\/vc_column][\/vc_row]<\/p>\n","protected":false},"excerpt":{"rendered":"<p>[vc_row unlock_row_content=&#8221;yes&#8221; row_height_percent=&#8221;0&#8243; override_padding=&#8221;yes&#8221; h_padding=&#8221;3&#8243; top_padding=&#8221;2&#8243; bottom_padding=&#8221;3&#8243; back_color=&#8221;color-lxmt&#8221; overlay_alpha=&#8221;100&#8243; gutter_size=&#8221;100&#8243; column_width_percent=&#8221;100&#8243; shift_y=&#8221;0&#8243; z_index=&#8221;0&#8243; style=&#8221;inherited&#8221;][vc_column width=&#8221;1\/1&#8243;][uncode_index el_id=&#8221;index-15588655905&#8243; isotope_mode=&#8221;fitRows&#8221; loop=&#8221;size:All|order_by:date|order:DESC|post_type:post&#8221; filtering=&#8221;yes&#8221; filtering_full_width=&#8221;yes&#8221; [&hellip;]<\/p>\n","protected":false},"author":1,"featured_media":11300,"parent":0,"menu_order":0,"comment_status":"open","ping_status":"closed","template":"","meta":{"footnotes":""},"_links":{"self":[{"href":"https:\/\/bursatto.com\/en\/wp-json\/wp\/v2\/pages\/102023"}],"collection":[{"href":"https:\/\/bursatto.com\/en\/wp-json\/wp\/v2\/pages"}],"about":[{"href":"https:\/\/bursatto.com\/en\/wp-json\/wp\/v2\/types\/page"}],"author":[{"embeddable":true,"href":"https:\/\/bursatto.com\/en\/wp-json\/wp\/v2\/users\/1"}],"replies":[{"embeddable":true,"href":"https:\/\/bursatto.com\/en\/wp-json\/wp\/v2\/comments?post=102023"}],"version-history":[{"count":2,"href":"https:\/\/bursatto.com\/en\/wp-json\/wp\/v2\/pages\/102023\/revisions"}],"predecessor-version":[{"id":102026,"href":"https:\/\/bursatto.com\/en\/wp-json\/wp\/v2\/pages\/102023\/revisions\/102026"}],"wp:featuredmedia":[{"embeddable":true,"href":"https:\/\/bursatto.com\/en\/wp-json\/wp\/v2\/media\/11300"}],"wp:attachment":[{"href":"https:\/\/bursatto.com\/en\/wp-json\/wp\/v2\/media?parent=102023"}],"curies":[{"name":"wp","href":"https:\/\/api.w.org\/{rel}","templated":true}]}}