{"id":85063,"date":"2020-11-17T10:18:26","date_gmt":"2020-11-17T07:18:26","guid":{"rendered":"https:\/\/bursatto.com\/?page_id=85063"},"modified":"2026-03-04T11:02:18","modified_gmt":"2026-03-04T08:02:18","slug":"contact","status":"publish","type":"page","link":"https:\/\/bursatto.com\/en\/contact\/","title":{"rendered":"Contact"},"content":{"rendered":"<p>[vc_row unlock_row=&#8221;&#8221; row_height_percent=&#8221;0&#8243; override_padding=&#8221;yes&#8221; h_padding=&#8221;2&#8243; top_padding=&#8221;3&#8243; bottom_padding=&#8221;3&#8243; overlay_alpha=&#8221;100&#8243; gutter_size=&#8221;3&#8243; shift_y=&#8221;0&#8243;][vc_column column_width_percent=&#8221;90&#8243; position_horizontal=&#8221;left&#8221; gutter_size=&#8221;3&#8243; overlay_alpha=&#8221;100&#8243; shift_x=&#8221;0&#8243; shift_y=&#8221;0&#8243; medium_width=&#8221;5&#8243; zoom_width=&#8221;0&#8243; zoom_height=&#8221;0&#8243; width=&#8221;7\/12&#8243;][vc_custom_heading text_font=&#8221;font-762333&#8243; text_size=&#8221;h4&#8243; text_transform=&#8221;capitalize&#8221; text_align=&#8221;text-left&#8221; text_uppercase=&#8221;&#8221; subheading=&#8221;You can fill the form below to contact us.&#8221;]Bursa Technical University Technology Transfer Office Inc.[\/vc_custom_heading][vc_separator]<div role=\"form\" class=\"wpcf7\" id=\"wpcf7-f102031-o1\" lang=\"en-US\" dir=\"ltr\">\n<div class=\"screen-reader-response\"><p role=\"status\" aria-live=\"polite\" aria-atomic=\"true\"><\/p> <ul><\/ul><\/div>\n<form action=\"\/en\/wp-json\/wp\/v2\/pages\/85063#wpcf7-f102031-o1\" method=\"post\" class=\"wpcf7-form init\" novalidate=\"novalidate\" data-status=\"init\">\n<div style=\"display: none;\">\n<input type=\"hidden\" name=\"_wpcf7\" value=\"102031\" \/>\n<input type=\"hidden\" name=\"_wpcf7_version\" value=\"5.3.2\" \/>\n<input type=\"hidden\" name=\"_wpcf7_locale\" value=\"en_US\" \/>\n<input type=\"hidden\" name=\"_wpcf7_unit_tag\" value=\"wpcf7-f102031-o1\" \/>\n<input type=\"hidden\" name=\"_wpcf7_container_post\" value=\"0\" \/>\n<input type=\"hidden\" name=\"_wpcf7_posted_data_hash\" value=\"\" \/>\n<input type=\"hidden\" name=\"_wpcf7_recaptcha_response\" value=\"\" \/>\n<\/div>\n<p style=\"color:#303133\">Your Contact Information<\/p>\n<div class=\"wpcf7-inline-wrapper\">\n<p class=\"wpcf7-inline-field\"><span class=\"wpcf7-form-control-wrap your-name\"><input type=\"text\" name=\"your-name\" value=\"\" size=\"40\" class=\"wpcf7-form-control wpcf7-text wpcf7-validates-as-required\" aria-required=\"true\" aria-invalid=\"false\" placeholder=\"Name Surname*\" \/><\/span><\/p>\n<p class=\"wpcf7-inline-field\"><span class=\"wpcf7-form-control-wrap email\"><input type=\"email\" name=\"email\" value=\"\" size=\"40\" class=\"wpcf7-form-control wpcf7-text wpcf7-email wpcf7-validates-as-required wpcf7-validates-as-email\" aria-required=\"true\" aria-invalid=\"false\" placeholder=\"E-mail address*\" \/><\/span><\/p>\n<p class=\"wpcf7-inline-field\">\n<p><span class=\"wpcf7-form-control-wrap tel-22\"><input type=\"tel\" name=\"tel-22\" value=\"\" size=\"40\" class=\"wpcf7-form-control wpcf7-text wpcf7-tel wpcf7-validates-as-tel\" aria-invalid=\"false\" placeholder=\"Cellphone number\" \/><\/span> <\/p>\n<\/div>\n<p style=\"color:#303133\"> Message<\/p>\n<p><span class=\"wpcf7-form-control-wrap mesajiniz\"><textarea name=\"mesajiniz\" cols=\"40\" rows=\"2\" class=\"wpcf7-form-control wpcf7-textarea\" aria-invalid=\"false\" placeholder=\"Write your message...\"><\/textarea><\/span> <\/p>\n<p><span class=\"wpcf7-form-control-wrap acceptance-341\"><span class=\"wpcf7-form-control wpcf7-acceptance\"><span class=\"wpcf7-list-item\"><label><input type=\"checkbox\" name=\"acceptance-341\" value=\"1\" aria-invalid=\"false\" \/><span class=\"wpcf7-list-item-label\"><a href=\"https:\/\/bursatto.com\/kvkk-aydinlatma-metni\/\">KVKK Ayd\u0131nlatma Metni<\/a>'ni okudum ve onayl\u0131yorum.<\/span><\/label><\/span><\/span><\/span><\/p>\n<p><input type=\"submit\" value=\"SEND\" class=\"wpcf7-form-control wpcf7-submit btn btn-accent btn-lg btn-flat btn-shadow-sm btn-custom-typo font-762333 font-weight-700 fontspace-781688\" \/><\/p>\n<div class=\"wpcf7-response-output\" aria-hidden=\"true\"><\/div><\/form><\/div>[\/vc_column][vc_column column_width_percent=&#8221;100&#8243; position_horizontal=&#8221;left&#8221; gutter_size=&#8221;3&#8243; overlay_alpha=&#8221;100&#8243; shift_x=&#8221;0&#8243; shift_y=&#8221;0&#8243; medium_width=&#8221;3&#8243; zoom_width=&#8221;0&#8243; zoom_height=&#8221;0&#8243; width=&#8221;5\/12&#8243;][vc_raw_html]JTNDaWZyYW1lJTIwc3JjJTNEJTIyaHR0cHMlM0ElMkYlMkZ3d3cuZ29vZ2xlLmNvbSUyRm1hcHMlMkZlbWJlZCUzRnBiJTNEJTIxMW0xOCUyMTFtMTIlMjExbTMlMjExZDMwNDguMDA0MjYzMjY0NzQ2JTIxMmQyOS4xMjc1NTQxNzYwOTQ5MDclMjEzZDQwLjE4NjcxODU2OTYwNjQlMjEybTMlMjExZjAlMjEyZjAlMjEzZjAlMjEzbTIlMjExaTEwMjQlMjEyaTc2OCUyMTRmMTMuMSUyMTNtMyUyMTFtMiUyMTFzMHgxNGNhM2ZkZTc2ZWM4OWQ5JTI1M0EweDgwMzU0MWIxMWQ5NmUyODYlMjEyc0J1cnNhdGVrbm9wYXJrJTIxNWUwJTIxM20yJTIxMXN0ciUyMTJzdHIlMjE0djE3NzI2MDYxODg1MTMlMjE1bTIlMjExc3RyJTIxMnN0ciUyMiUyMHdpZHRoJTNEJTIyNDAwJTIyJTIwaGVpZ2h0JTNEJTIyMzAwJTIyJTIwc3R5bGUlM0QlMjJib3JkZXIlM0EwJTNCJTIyJTIwYWxsb3dmdWxsc2NyZWVuJTNEJTIyJTIyJTIwbG9hZGluZyUzRCUyMmxhenklMjIlMjByZWZlcnJlcnBvbGljeSUzRCUyMm5vLXJlZmVycmVyLXdoZW4tZG93bmdyYWRlJTIyJTNFJTNDJTJGaWZyYW1lJTNF[\/vc_raw_html][vc_separator][vc_icon position=&#8221;left&#8221; icon=&#8221;fa fa-location-outline&#8221; icon_color=&#8221;accent&#8221; background_style=&#8221;fa-rounded&#8221; heading_semantic=&#8221;h5&#8243; text_font=&#8221;font-762333&#8243; text_size=&#8221;h5&#8243; align=&#8221;left&#8221; title=&#8221;Address:&#8221;]Mimar Sinan Mahallesi Mimar Sinan Bulvar\u0131 Eflak Caddesi No:177 16310 Y\u0131ld\u0131r\u0131m\/BURSA[\/vc_icon][vc_icon position=&#8221;left&#8221; icon=&#8221;fa fa-phone-outline&#8221; icon_color=&#8221;accent&#8221; background_style=&#8221;fa-rounded&#8221; heading_semantic=&#8221;h5&#8243; text_font=&#8221;font-762333&#8243; text_size=&#8221;h5&#8243; align=&#8221;left&#8221; title=&#8221;Phone:&#8221;]<a href=\"tel:+902243003867\">+90 (224) 300 38 65-67<\/a>[\/vc_icon][vc_icon position=&#8221;left&#8221; icon=&#8221;fa fa-mail&#8221; icon_color=&#8221;accent&#8221; background_style=&#8221;fa-rounded&#8221; heading_semantic=&#8221;h5&#8243; text_font=&#8221;font-762333&#8243; text_size=&#8221;h5&#8243; align=&#8221;left&#8221; title=&#8221;Mail:&#8221; link=&#8221;url:mailto%3Abursatto%40btu.edu.tr|title:bursatto%40btu.edu.tr||&#8221;]<a href=\"mailto:bursatto@btu.edu.tr\">bursatto@btu.edu.tr<\/a>[\/vc_icon][\/vc_column][\/vc_row][vc_row unlock_row_content=&#8221;yes&#8221; row_height_percent=&#8221;0&#8243; override_padding=&#8221;yes&#8221; h_padding=&#8221;0&#8243; top_padding=&#8221;0&#8243; bottom_padding=&#8221;0&#8243; back_color=&#8221;color-wayh&#8221; overlay_alpha=&#8221;100&#8243; equal_height=&#8221;yes&#8221; gutter_size=&#8221;0&#8243; shift_y=&#8221;0&#8243; style=&#8221;inherited&#8221; row_name=&#8221;Our Team&#8221;][vc_column column_width_percent=&#8221;100&#8243; position_horizontal=&#8221;left&#8221; position_vertical=&#8221;middle&#8221; gutter_size=&#8221;3&#8243; override_padding=&#8221;yes&#8221; column_padding=&#8221;0&#8243; style=&#8221;dark&#8221; overlay_alpha=&#8221;100&#8243; shift_x=&#8221;0&#8243; shift_y=&#8221;0&#8243; medium_width=&#8221;0&#8243; zoom_width=&#8221;0&#8243; zoom_height=&#8221;0&#8243; width=&#8221;1\/1&#8243;][vc_gallery el_id=&#8221;gallery-1&#8243; type=&#8221;carousel&#8221; medias=&#8221;83133,83134,82781,83141,82782,83135,82785,83137,83138,83139,83140,83142&#8243; carousel_lg=&#8221;5&#8243; carousel_md=&#8221;3&#8243; carousel_sm=&#8221;1&#8243; gutter_size=&#8221;0&#8243; media_items=&#8221;media|lightbox|original,team-social&#8221; carousel_interval=&#8221;0&#8243; carousel_navspeed=&#8221;400&#8243; carousel_dots=&#8221;yes&#8221; carousel_dots_inside=&#8221;yes&#8221; carousel_dot_padding=&#8221;2&#8243; stage_padding=&#8221;0&#8243; single_back_color=&#8221;color-rgdb&#8221; single_overlay_color=&#8221;color-rgdb&#8221; single_overlay_opacity=&#8221;90&#8243; single_image_anim=&#8221;no&#8221; single_h_align=&#8221;center&#8221; single_padding=&#8221;2&#8243; single_text_reduced=&#8221;yes&#8221; single_title_dimension=&#8221;h4&#8243; single_border=&#8221;yes&#8221;][\/vc_column][\/vc_row]<\/p>\n","protected":false},"excerpt":{"rendered":"<p>[vc_row unlock_row=&#8221;&#8221; row_height_percent=&#8221;0&#8243; override_padding=&#8221;yes&#8221; h_padding=&#8221;2&#8243; top_padding=&#8221;3&#8243; bottom_padding=&#8221;3&#8243; overlay_alpha=&#8221;100&#8243; gutter_size=&#8221;3&#8243; shift_y=&#8221;0&#8243;][vc_column column_width_percent=&#8221;90&#8243; position_horizontal=&#8221;left&#8221; gutter_size=&#8221;3&#8243; overlay_alpha=&#8221;100&#8243; shift_x=&#8221;0&#8243; shift_y=&#8221;0&#8243; medium_width=&#8221;5&#8243; zoom_width=&#8221;0&#8243; zoom_height=&#8221;0&#8243; width=&#8221;7\/12&#8243;][vc_custom_heading [&hellip;]<\/p>\n","protected":false},"author":1,"featured_media":0,"parent":0,"menu_order":0,"comment_status":"open","ping_status":"closed","template":"","meta":{"footnotes":""},"_links":{"self":[{"href":"https:\/\/bursatto.com\/en\/wp-json\/wp\/v2\/pages\/85063"}],"collection":[{"href":"https:\/\/bursatto.com\/en\/wp-json\/wp\/v2\/pages"}],"about":[{"href":"https:\/\/bursatto.com\/en\/wp-json\/wp\/v2\/types\/page"}],"author":[{"embeddable":true,"href":"https:\/\/bursatto.com\/en\/wp-json\/wp\/v2\/users\/1"}],"replies":[{"embeddable":true,"href":"https:\/\/bursatto.com\/en\/wp-json\/wp\/v2\/comments?post=85063"}],"version-history":[{"count":3,"href":"https:\/\/bursatto.com\/en\/wp-json\/wp\/v2\/pages\/85063\/revisions"}],"predecessor-version":[{"id":102062,"href":"https:\/\/bursatto.com\/en\/wp-json\/wp\/v2\/pages\/85063\/revisions\/102062"}],"wp:attachment":[{"href":"https:\/\/bursatto.com\/en\/wp-json\/wp\/v2\/media?parent=85063"}],"curies":[{"name":"wp","href":"https:\/\/api.w.org\/{rel}","templated":true}]}}