{"id":85075,"date":"2020-11-17T10:27:19","date_gmt":"2020-11-17T07:27:19","guid":{"rendered":"https:\/\/bursatto.com\/?page_id=85075"},"modified":"2020-11-17T10:27:19","modified_gmt":"2020-11-17T07:27:19","slug":"events","status":"publish","type":"page","link":"https:\/\/bursatto.com\/en\/events\/","title":{"rendered":"Events"},"content":{"rendered":"<p>[vc_row][vc_column width=&#8221;1\/1&#8243;][vc_column_text]<div\n\t class=\"tribe-common tribe-events tribe-events-view tribe-events-view--month tribe-events-view--shortcode tribe-events-view--shortcode-799245fc\" \tdata-js=\"tribe-events-view\"\n\tdata-view-rest-nonce=\"db989550c5\"\n\tdata-view-rest-url=\"https:\/\/bursatto.com\/en\/wp-json\/tribe\/views\/v2\/html\"\n\tdata-view-manage-url=\"\"\n\t\t\tdata-view-shortcode=\"799245fc\"\n\t\t\t\tdata-view-breakpoint-pointer=\"0cc0f29c-b3cd-416d-8958-73acd1e4515f\"\n\t>\n\t<div class=\"tribe-common-l-container tribe-events-l-container\">\n\t\t<div\n\tclass=\"tribe-events-view-loader tribe-common-a11y-hidden\"\n\trole=\"alert\"\n\taria-live=\"assertive\"\n>\n\t<div class=\"tribe-events-view-loader__dots tribe-common-c-loader\">\n\t\t<div class=\"tribe-common-c-loader__dot tribe-common-c-loader__dot--first\"><\/div>\n\t\t<div class=\"tribe-common-c-loader__dot tribe-common-c-loader__dot--second\"><\/div>\n\t\t<div class=\"tribe-common-c-loader__dot tribe-common-c-loader__dot--third\"><\/div>\n\t<\/div>\n<\/div>\n\n\t\t\n\t\t<script\n\tdata-js=\"tribe-events-view-data\"\n\ttype=\"application\/json\"\n>\n\t{\"slug\":\"month\",\"prev_url\":\"https:\\\/\\\/bursatto.com\\\/etkinlikler2\\\/month\\\/2026-03\\\/?shortcode=799245fc\",\"next_url\":\"https:\\\/\\\/bursatto.com\\\/etkinlikler2\\\/month\\\/2026-05\\\/?shortcode=799245fc\",\"view_class\":\"Tribe\\\\Events\\\\Views\\\\V2\\\\Views\\\\Month_View\",\"view_slug\":\"month\",\"view_label\":\"Month\",\"view\":{},\"title\":\"Events for April 2026 &#8211; Bursatto\",\"events\":{\"2026-03-30\":[],\"2026-03-31\":[],\"2026-04-01\":[],\"2026-04-02\":[],\"2026-04-03\":[],\"2026-04-04\":[],\"2026-04-05\":[],\"2026-04-06\":[],\"2026-04-07\":[],\"2026-04-08\":[],\"2026-04-09\":[],\"2026-04-10\":[],\"2026-04-11\":[],\"2026-04-12\":[],\"2026-04-13\":[],\"2026-04-14\":[],\"2026-04-15\":[],\"2026-04-16\":[],\"2026-04-17\":[],\"2026-04-18\":[],\"2026-04-19\":[],\"2026-04-20\":[],\"2026-04-21\":[],\"2026-04-22\":[],\"2026-04-23\":[],\"2026-04-24\":[],\"2026-04-25\":[],\"2026-04-26\":[],\"2026-04-27\":[],\"2026-04-28\":[],\"2026-04-29\":[],\"2026-04-30\":[],\"2026-05-01\":[],\"2026-05-02\":[],\"2026-05-03\":[]},\"url\":\"https:\\\/\\\/bursatto.com\\\/etkinlikler2\\\/month\\\/?shortcode=799245fc\",\"url_event_date\":false,\"bar\":{\"keyword\":\"\",\"date\":\"\"},\"today\":\"2026-04-05 00:00:00\",\"now\":\"2026-04-05 23:52:49\",\"request_date\":{\"date\":\"2026-04-05 00:00:00.000000\",\"timezone_type\":3,\"timezone\":\"Europe\\\/Istanbul\"},\"rest_url\":\"https:\\\/\\\/bursatto.com\\\/en\\\/wp-json\\\/tribe\\\/views\\\/v2\\\/html\",\"rest_nonce\":\"db989550c5\",\"should_manage_url\":false,\"today_url\":\"https:\\\/\\\/bursatto.com\\\/etkinlikler2\\\/month\\\/?rest_route=\\\/wp\\\/v2\\\/pages\\\/85075&shortcode=799245fc\",\"prev_label\":\"Mar\",\"next_label\":\"May\",\"date_formats\":{\"compact\":\"n\\\/j\\\/Y\",\"month_and_year_compact\":\"n\\\/Y\",\"month_and_year\":\"F Y\",\"time_range_separator\":\" - \",\"date_time_separator\":\" @ \"},\"messages\":{\"notice\":[\"There were no results found.\"]},\"start_of_week\":\"1\",\"breadcrumbs\":[],\"before_events\":\"\",\"after_events\":\"\",\"display_events_bar\":true,\"disable_event_search\":true,\"live_refresh\":true,\"ical\":{\"display_link\":true,\"link\":{\"url\":\"https:\\\/\\\/bursatto.com\\\/etkinlikler2\\\/now\\\/?ical=1\",\"text\":\"Export Events\",\"title\":\"Use this to share calendar data with Google Calendar, Apple iCal and other compatible apps\"}},\"container_classes\":[\"tribe-common\",\"tribe-events\",\"tribe-events-view\",\"tribe-events-view--month\",\"tribe-events-view--shortcode\",\"tribe-events-view--shortcode-799245fc\"],\"container_data\":{\"shortcode\":\"799245fc\"},\"is_past\":false,\"breakpoints\":{\"xsmall\":500,\"medium\":768,\"full\":960},\"breakpoint_pointer\":\"0cc0f29c-b3cd-416d-8958-73acd1e4515f\",\"is_initial_load\":false,\"public_views\":{\"month\":{\"view_class\":\"Tribe\\\\Events\\\\Views\\\\V2\\\\Views\\\\Month_View\",\"view_url\":\"https:\\\/\\\/bursatto.com\\\/etkinlikler2\\\/month\\\/?shortcode=799245fc\",\"view_label\":\"Month\"}},\"show_latest_past\":true,\"the_date\":{\"date\":\"2026-04-05 00:00:00.000000\",\"timezone_type\":3,\"timezone\":\"Europe\\\/Istanbul\"},\"today_date\":\"2026-04-05\",\"grid_date\":\"2026-04-05\",\"formatted_grid_date\":\"April 2026\",\"formatted_grid_date_mobile\":\"4\\\/5\\\/2026\",\"days\":{\"2026-03-30\":{\"date\":\"2026-03-30\",\"is_start_of_week\":true,\"year_number\":\"2026\",\"month_number\":\"03\",\"day_number\":\"30\",\"events\":[],\"featured_events\":[],\"multiday_events\":[],\"found_events\":0,\"more_events\":0,\"day_url\":\"https:\\\/\\\/bursatto.com\\\/etkinlikler2\\\/2026-03-30\\\/\"},\"2026-03-31\":{\"date\":\"2026-03-31\",\"is_start_of_week\":false,\"year_number\":\"2026\",\"month_number\":\"03\",\"day_number\":\"31\",\"events\":[],\"featured_events\":[],\"multiday_events\":[],\"found_events\":0,\"more_events\":0,\"day_url\":\"https:\\\/\\\/bursatto.com\\\/etkinlikler2\\\/2026-03-31\\\/\"},\"2026-04-01\":{\"date\":\"2026-04-01\",\"is_start_of_week\":false,\"year_number\":\"2026\",\"month_number\":\"04\",\"day_number\":\"1\",\"events\":[],\"featured_events\":[],\"multiday_events\":[],\"found_events\":0,\"more_events\":0,\"day_url\":\"https:\\\/\\\/bursatto.com\\\/etkinlikler2\\\/2026-04-01\\\/\"},\"2026-04-02\":{\"date\":\"2026-04-02\",\"is_start_of_week\":false,\"year_number\":\"2026\",\"month_number\":\"04\",\"day_number\":\"2\",\"events\":[],\"featured_events\":[],\"multiday_events\":[],\"found_events\":0,\"more_events\":0,\"day_url\":\"https:\\\/\\\/bursatto.com\\\/etkinlikler2\\\/2026-04-02\\\/\"},\"2026-04-03\":{\"date\":\"2026-04-03\",\"is_start_of_week\":false,\"year_number\":\"2026\",\"month_number\":\"04\",\"day_number\":\"3\",\"events\":[],\"featured_events\":[],\"multiday_events\":[],\"found_events\":0,\"more_events\":0,\"day_url\":\"https:\\\/\\\/bursatto.com\\\/etkinlikler2\\\/2026-04-03\\\/\"},\"2026-04-04\":{\"date\":\"2026-04-04\",\"is_start_of_week\":false,\"year_number\":\"2026\",\"month_number\":\"04\",\"day_number\":\"4\",\"events\":[],\"featured_events\":[],\"multiday_events\":[],\"found_events\":0,\"more_events\":0,\"day_url\":\"https:\\\/\\\/bursatto.com\\\/etkinlikler2\\\/2026-04-04\\\/\"},\"2026-04-05\":{\"date\":\"2026-04-05\",\"is_start_of_week\":false,\"year_number\":\"2026\",\"month_number\":\"04\",\"day_number\":\"5\",\"events\":[],\"featured_events\":[],\"multiday_events\":[],\"found_events\":0,\"more_events\":0,\"day_url\":\"https:\\\/\\\/bursatto.com\\\/etkinlikler2\\\/2026-04-05\\\/\"},\"2026-04-06\":{\"date\":\"2026-04-06\",\"is_start_of_week\":true,\"year_number\":\"2026\",\"month_number\":\"04\",\"day_number\":\"6\",\"events\":[],\"featured_events\":[],\"multiday_events\":[],\"found_events\":0,\"more_events\":0,\"day_url\":\"https:\\\/\\\/bursatto.com\\\/etkinlikler2\\\/2026-04-06\\\/\"},\"2026-04-07\":{\"date\":\"2026-04-07\",\"is_start_of_week\":false,\"year_number\":\"2026\",\"month_number\":\"04\",\"day_number\":\"7\",\"events\":[],\"featured_events\":[],\"multiday_events\":[],\"found_events\":0,\"more_events\":0,\"day_url\":\"https:\\\/\\\/bursatto.com\\\/etkinlikler2\\\/2026-04-07\\\/\"},\"2026-04-08\":{\"date\":\"2026-04-08\",\"is_start_of_week\":false,\"year_number\":\"2026\",\"month_number\":\"04\",\"day_number\":\"8\",\"events\":[],\"featured_events\":[],\"multiday_events\":[],\"found_events\":0,\"more_events\":0,\"day_url\":\"https:\\\/\\\/bursatto.com\\\/etkinlikler2\\\/2026-04-08\\\/\"},\"2026-04-09\":{\"date\":\"2026-04-09\",\"is_start_of_week\":false,\"year_number\":\"2026\",\"month_number\":\"04\",\"day_number\":\"9\",\"events\":[],\"featured_events\":[],\"multiday_events\":[],\"found_events\":0,\"more_events\":0,\"day_url\":\"https:\\\/\\\/bursatto.com\\\/etkinlikler2\\\/2026-04-09\\\/\"},\"2026-04-10\":{\"date\":\"2026-04-10\",\"is_start_of_week\":false,\"year_number\":\"2026\",\"month_number\":\"04\",\"day_number\":\"10\",\"events\":[],\"featured_events\":[],\"multiday_events\":[],\"found_events\":0,\"more_events\":0,\"day_url\":\"https:\\\/\\\/bursatto.com\\\/etkinlikler2\\\/2026-04-10\\\/\"},\"2026-04-11\":{\"date\":\"2026-04-11\",\"is_start_of_week\":false,\"year_number\":\"2026\",\"month_number\":\"04\",\"day_number\":\"11\",\"events\":[],\"featured_events\":[],\"multiday_events\":[],\"found_events\":0,\"more_events\":0,\"day_url\":\"https:\\\/\\\/bursatto.com\\\/etkinlikler2\\\/2026-04-11\\\/\"},\"2026-04-12\":{\"date\":\"2026-04-12\",\"is_start_of_week\":false,\"year_number\":\"2026\",\"month_number\":\"04\",\"day_number\":\"12\",\"events\":[],\"featured_events\":[],\"multiday_events\":[],\"found_events\":0,\"more_events\":0,\"day_url\":\"https:\\\/\\\/bursatto.com\\\/etkinlikler2\\\/2026-04-12\\\/\"},\"2026-04-13\":{\"date\":\"2026-04-13\",\"is_start_of_week\":true,\"year_number\":\"2026\",\"month_number\":\"04\",\"day_number\":\"13\",\"events\":[],\"featured_events\":[],\"multiday_events\":[],\"found_events\":0,\"more_events\":0,\"day_url\":\"https:\\\/\\\/bursatto.com\\\/etkinlikler2\\\/2026-04-13\\\/\"},\"2026-04-14\":{\"date\":\"2026-04-14\",\"is_start_of_week\":false,\"year_number\":\"2026\",\"month_number\":\"04\",\"day_number\":\"14\",\"events\":[],\"featured_events\":[],\"multiday_events\":[],\"found_events\":0,\"more_events\":0,\"day_url\":\"https:\\\/\\\/bursatto.com\\\/etkinlikler2\\\/2026-04-14\\\/\"},\"2026-04-15\":{\"date\":\"2026-04-15\",\"is_start_of_week\":false,\"year_number\":\"2026\",\"month_number\":\"04\",\"day_number\":\"15\",\"events\":[],\"featured_events\":[],\"multiday_events\":[],\"found_events\":0,\"more_events\":0,\"day_url\":\"https:\\\/\\\/bursatto.com\\\/etkinlikler2\\\/2026-04-15\\\/\"},\"2026-04-16\":{\"date\":\"2026-04-16\",\"is_start_of_week\":false,\"year_number\":\"2026\",\"month_number\":\"04\",\"day_number\":\"16\",\"events\":[],\"featured_events\":[],\"multiday_events\":[],\"found_events\":0,\"more_events\":0,\"day_url\":\"https:\\\/\\\/bursatto.com\\\/etkinlikler2\\\/2026-04-16\\\/\"},\"2026-04-17\":{\"date\":\"2026-04-17\",\"is_start_of_week\":false,\"year_number\":\"2026\",\"month_number\":\"04\",\"day_number\":\"17\",\"events\":[],\"featured_events\":[],\"multiday_events\":[],\"found_events\":0,\"more_events\":0,\"day_url\":\"https:\\\/\\\/bursatto.com\\\/etkinlikler2\\\/2026-04-17\\\/\"},\"2026-04-18\":{\"date\":\"2026-04-18\",\"is_start_of_week\":false,\"year_number\":\"2026\",\"month_number\":\"04\",\"day_number\":\"18\",\"events\":[],\"featured_events\":[],\"multiday_events\":[],\"found_events\":0,\"more_events\":0,\"day_url\":\"https:\\\/\\\/bursatto.com\\\/etkinlikler2\\\/2026-04-18\\\/\"},\"2026-04-19\":{\"date\":\"2026-04-19\",\"is_start_of_week\":false,\"year_number\":\"2026\",\"month_number\":\"04\",\"day_number\":\"19\",\"events\":[],\"featured_events\":[],\"multiday_events\":[],\"found_events\":0,\"more_events\":0,\"day_url\":\"https:\\\/\\\/bursatto.com\\\/etkinlikler2\\\/2026-04-19\\\/\"},\"2026-04-20\":{\"date\":\"2026-04-20\",\"is_start_of_week\":true,\"year_number\":\"2026\",\"month_number\":\"04\",\"day_number\":\"20\",\"events\":[],\"featured_events\":[],\"multiday_events\":[],\"found_events\":0,\"more_events\":0,\"day_url\":\"https:\\\/\\\/bursatto.com\\\/etkinlikler2\\\/2026-04-20\\\/\"},\"2026-04-21\":{\"date\":\"2026-04-21\",\"is_start_of_week\":false,\"year_number\":\"2026\",\"month_number\":\"04\",\"day_number\":\"21\",\"events\":[],\"featured_events\":[],\"multiday_events\":[],\"found_events\":0,\"more_events\":0,\"day_url\":\"https:\\\/\\\/bursatto.com\\\/etkinlikler2\\\/2026-04-21\\\/\"},\"2026-04-22\":{\"date\":\"2026-04-22\",\"is_start_of_week\":false,\"year_number\":\"2026\",\"month_number\":\"04\",\"day_number\":\"22\",\"events\":[],\"featured_events\":[],\"multiday_events\":[],\"found_events\":0,\"more_events\":0,\"day_url\":\"https:\\\/\\\/bursatto.com\\\/etkinlikler2\\\/2026-04-22\\\/\"},\"2026-04-23\":{\"date\":\"2026-04-23\",\"is_start_of_week\":false,\"year_number\":\"2026\",\"month_number\":\"04\",\"day_number\":\"23\",\"events\":[],\"featured_events\":[],\"multiday_events\":[],\"found_events\":0,\"more_events\":0,\"day_url\":\"https:\\\/\\\/bursatto.com\\\/etkinlikler2\\\/2026-04-23\\\/\"},\"2026-04-24\":{\"date\":\"2026-04-24\",\"is_start_of_week\":false,\"year_number\":\"2026\",\"month_number\":\"04\",\"day_number\":\"24\",\"events\":[],\"featured_events\":[],\"multiday_events\":[],\"found_events\":0,\"more_events\":0,\"day_url\":\"https:\\\/\\\/bursatto.com\\\/etkinlikler2\\\/2026-04-24\\\/\"},\"2026-04-25\":{\"date\":\"2026-04-25\",\"is_start_of_week\":false,\"year_number\":\"2026\",\"month_number\":\"04\",\"day_number\":\"25\",\"events\":[],\"featured_events\":[],\"multiday_events\":[],\"found_events\":0,\"more_events\":0,\"day_url\":\"https:\\\/\\\/bursatto.com\\\/etkinlikler2\\\/2026-04-25\\\/\"},\"2026-04-26\":{\"date\":\"2026-04-26\",\"is_start_of_week\":false,\"year_number\":\"2026\",\"month_number\":\"04\",\"day_number\":\"26\",\"events\":[],\"featured_events\":[],\"multiday_events\":[],\"found_events\":0,\"more_events\":0,\"day_url\":\"https:\\\/\\\/bursatto.com\\\/etkinlikler2\\\/2026-04-26\\\/\"},\"2026-04-27\":{\"date\":\"2026-04-27\",\"is_start_of_week\":true,\"year_number\":\"2026\",\"month_number\":\"04\",\"day_number\":\"27\",\"events\":[],\"featured_events\":[],\"multiday_events\":[],\"found_events\":0,\"more_events\":0,\"day_url\":\"https:\\\/\\\/bursatto.com\\\/etkinlikler2\\\/2026-04-27\\\/\"},\"2026-04-28\":{\"date\":\"2026-04-28\",\"is_start_of_week\":false,\"year_number\":\"2026\",\"month_number\":\"04\",\"day_number\":\"28\",\"events\":[],\"featured_events\":[],\"multiday_events\":[],\"found_events\":0,\"more_events\":0,\"day_url\":\"https:\\\/\\\/bursatto.com\\\/etkinlikler2\\\/2026-04-28\\\/\"},\"2026-04-29\":{\"date\":\"2026-04-29\",\"is_start_of_week\":false,\"year_number\":\"2026\",\"month_number\":\"04\",\"day_number\":\"29\",\"events\":[],\"featured_events\":[],\"multiday_events\":[],\"found_events\":0,\"more_events\":0,\"day_url\":\"https:\\\/\\\/bursatto.com\\\/etkinlikler2\\\/2026-04-29\\\/\"},\"2026-04-30\":{\"date\":\"2026-04-30\",\"is_start_of_week\":false,\"year_number\":\"2026\",\"month_number\":\"04\",\"day_number\":\"30\",\"events\":[],\"featured_events\":[],\"multiday_events\":[],\"found_events\":0,\"more_events\":0,\"day_url\":\"https:\\\/\\\/bursatto.com\\\/etkinlikler2\\\/2026-04-30\\\/\"},\"2026-05-01\":{\"date\":\"2026-05-01\",\"is_start_of_week\":false,\"year_number\":\"2026\",\"month_number\":\"05\",\"day_number\":\"1\",\"events\":[],\"featured_events\":[],\"multiday_events\":[],\"found_events\":0,\"more_events\":0,\"day_url\":\"https:\\\/\\\/bursatto.com\\\/etkinlikler2\\\/2026-05-01\\\/\"},\"2026-05-02\":{\"date\":\"2026-05-02\",\"is_start_of_week\":false,\"year_number\":\"2026\",\"month_number\":\"05\",\"day_number\":\"2\",\"events\":[],\"featured_events\":[],\"multiday_events\":[],\"found_events\":0,\"more_events\":0,\"day_url\":\"https:\\\/\\\/bursatto.com\\\/etkinlikler2\\\/2026-05-02\\\/\"},\"2026-05-03\":{\"date\":\"2026-05-03\",\"is_start_of_week\":false,\"year_number\":\"2026\",\"month_number\":\"05\",\"day_number\":\"3\",\"events\":[],\"featured_events\":[],\"multiday_events\":[],\"found_events\":0,\"more_events\":0,\"day_url\":\"https:\\\/\\\/bursatto.com\\\/etkinlikler2\\\/2026-05-03\\\/\"}},\"grid_start_date\":\"2026-03-30\",\"json_ld_data\":\"\",\"display_recurring_toggle\":false,\"_context\":{\"slug\":\"month\",\"should_manage_url\":false},\"text\":\"Loading...\",\"shortcode\":\"799245fc\"}<\/script>\n\n\t\t\n\t\t<header  class=\"tribe-events-header\" >\n\t\t\t<div  class=\"tribe-events-header__messages tribe-events-c-messages tribe-common-b2\" >\n\t\t\t<div class=\"tribe-events-c-messages__message tribe-events-c-messages__message--notice\" role=\"alert\">\n\t\t\t<ul class=\"tribe-events-c-messages__message-list\">\n\t\t\t\t\t\t\t\t\t<li class=\"tribe-events-c-messages__message-list-item\">\n\t\t\t\t\t\tThere were no results found.\t\t\t\t\t<\/li>\n\t\t\t\t\t\t\t<\/ul>\n\t\t<\/div>\n\t<\/div>\n\n\t\t\t\n\t\t\t<div\n\t class=\"tribe-events-header__events-bar tribe-events-c-events-bar\" \tdata-js=\"tribe-events-events-bar\"\n>\n\n\t<h2 class=\"tribe-common-a11y-visual-hide\">\n\t\tViews Navigation\t<\/h2>\n\n\t\n\t<div class=\"tribe-events-c-events-bar__views\">\n\t<h3 class=\"tribe-common-a11y-visual-hide\">\n\t\tEvent Views Navigation\t<\/h3>\n\t<div  class=\"tribe-events-c-view-selector\"  data-js=\"tribe-events-view-selector\">\n\t\t<button\n\t\t\tclass=\"tribe-events-c-view-selector__button\"\n\t\t\tdata-js=\"tribe-events-view-selector-button\"\n\t\t>\n\t\t\t<span class=\"tribe-events-c-view-selector__button-icon tribe-common-svgicon tribe-common-svgicon--month\"><\/span>\n\t\t\t<span class=\"tribe-events-c-view-selector__button-text tribe-common-a11y-visual-hide\">\n\t\t\t\tMonth\t\t\t<\/span>\n\t\t<\/button>\n\t\t<div\n\tclass=\"tribe-events-c-view-selector__content\"\n\tid=\"tribe-events-view-selector-content\"\n\tdata-js=\"tribe-events-view-selector-list-container\"\n>\n\t<ul class=\"tribe-events-c-view-selector__list\">\n\t\t\t\t\t<li class=\"tribe-events-c-view-selector__list-item tribe-events-c-view-selector__list-item--month tribe-events-c-view-selector__list-item--active\">\n\t<a\n\t\thref=\"https:\/\/bursatto.com\/etkinlikler2\/month\/?shortcode=799245fc\"\n\t\tclass=\"tribe-events-c-view-selector__list-item-link\"\n\t\tdata-js=\"tribe-events-view-link\"\n\t>\n\t\t<span class=\"tribe-events-c-view-selector__list-item-icon tribe-common-svgicon tribe-common-svgicon--month\"><\/span>\n\t\t<span class=\"tribe-events-c-view-selector__list-item-text\">\n\t\t\tMonth\t\t<\/span>\n\t<\/a>\n<\/li>\n\t\t\t<\/ul>\n<\/div>\n\t<\/div>\n<\/div>\n\n<\/div>\n\n\t\t\t<div class=\"tribe-events-c-top-bar tribe-events-header__top-bar\">\n\n\t<nav class=\"tribe-events-c-top-bar__nav tribe-common-a11y-hidden\">\n\t<ul class=\"tribe-events-c-top-bar__nav-list\">\n\t\t<li class=\"tribe-events-c-top-bar__nav-list-item\">\n\t<a\n\t\thref=\"https:\/\/bursatto.com\/etkinlikler2\/month\/2026-03\/?shortcode=799245fc\"\n\t\tclass=\"tribe-common-c-btn-icon tribe-common-c-btn-icon--caret-left tribe-events-c-top-bar__nav-link tribe-events-c-top-bar__nav-link--prev\"\n\t\taria-label=\"Previous month\"\n\t\ttitle=\"Previous month\"\n\t\tdata-js=\"tribe-events-view-link\"\n\t>\n\t<\/a>\n<\/li>\n\n\t\t\t<\/ul>\n<\/nav>\n\n\t<a\n\thref=\"https:\/\/bursatto.com\/etkinlikler2\/month\/?rest_route=\/wp\/v2\/pages\/85075&#038;shortcode=799245fc\"\n\tclass=\"tribe-common-c-btn-border tribe-events-c-top-bar__today-button tribe-common-a11y-hidden\"\n\tdata-js=\"tribe-events-view-link\"\n\taria-label=\"Click to select today&#039;s date\"\n\ttitle=\"Click to select today&#039;s date\"\n>\n\tToday<\/a>\n\n\t<div class=\"tribe-events-c-top-bar__datepicker\">\n\t<button\n\t\tclass=\"tribe-common-h3 tribe-common-h--alt tribe-events-c-top-bar__datepicker-button\"\n\t\tdata-js=\"tribe-events-top-bar-datepicker-button\"\n\t\ttype=\"button\"\n\t\taria-label=\"Click to toggle datepicker\"\n\t\ttitle=\"Click to toggle datepicker\"\n\t>\n\t\t<time\n\t\t\tdatetime=\"2026-04\"\n\t\t\tclass=\"tribe-events-c-top-bar__datepicker-time\"\n\t\t>\n\t\t\t<span class=\"tribe-events-c-top-bar__datepicker-mobile\">\n\t\t\t\t4\/5\/2026\t\t\t<\/span>\n\t\t\t<span class=\"tribe-events-c-top-bar__datepicker-desktop tribe-common-a11y-hidden\">\n\t\t\t\tApril 2026\t\t\t<\/span>\n\t\t<\/time>\n\t<\/button>\n\t<label\n\t\tclass=\"tribe-events-c-top-bar__datepicker-label tribe-common-a11y-visual-hide\"\n\t\tfor=\"tribe-events-top-bar-date\"\n\t>\n\t\tSelect date.\t<\/label>\n\t<input\n\t\ttype=\"text\"\n\t\tclass=\"tribe-events-c-top-bar__datepicker-input tribe-common-a11y-visual-hide\"\n\t\tdata-js=\"tribe-events-top-bar-date\"\n\t\tid=\"tribe-events-top-bar-date\"\n\t\tname=\"tribe-events-views[tribe-bar-date]\"\n\t\tvalue=\"4\/5\/2026\"\n\t\ttabindex=\"-1\"\n\t\tautocomplete=\"off\"\n\t\treadonly=\"readonly\"\n\t\/>\n\t<div class=\"tribe-events-c-top-bar__datepicker-container\" data-js=\"tribe-events-top-bar-datepicker-container\"><\/div>\n<\/div>\n\n\t<div class=\"tribe-events-c-top-bar__actions tribe-common-a11y-hidden\">\n\t<\/div>\n\n<\/div>\n\t\t<\/header>\n\n\t\t\n\t\t<div\n\t\t\tclass=\"tribe-events-calendar-month\"\n\t\t\trole=\"grid\"\n\t\t\taria-labelledby=\"tribe-events-calendar-header\"\n\t\t\taria-readonly=\"true\"\n\t\t\tdata-js=\"tribe-events-month-grid\"\n\t\t>\n\n\t\t\t\n\t\t\t\n\t\t<\/div>\n\n\t\t\n\t\t<div class=\"tribe-events-calendar-latest-past\">\n\n\t<h2 class=\"tribe-events-calendar-latest-past__heading tribe-common-h5 tribe-common-h3--min-medium\">\n\tLatest Past Events<\/h2>\n\n\t\t\t\n\t\t<div  class=\"tribe-common-g-row tribe-events-calendar-latest-past__event-row\" >\n\n\t<div class=\"tribe-events-calendar-latest-past__event-date-tag tribe-common-g-col\">\n\t<time class=\"tribe-events-calendar-latest-past__event-date-tag-datetime\" datetime=\"2021-02-09\">\n\t\t<span class=\"tribe-events-calendar-latest-past__event-date-tag-month\">\n\t\t\tFeb\t\t<\/span>\n\t\t<span class=\"tribe-events-calendar-latest-past__event-date-tag-daynum tribe-common-h5 tribe-common-h4--min-medium\">\n\t\t\t9\t\t<\/span>\n\t\t<span class=\"tribe-events-calendar-latest-past__event-date-tag-year\">\n\t\t\t2021\t\t<\/span>\n\t<\/time>\n<\/div>\n\n\t<div class=\"tribe-events-calendar-latest-past__event-wrapper tribe-common-g-col\">\n\t\t<article  class=\"tribe-events-calendar-latest-past__event tribe-common-g-row tribe-common-g-row--gutters post-85644 tribe_events type-tribe_events status-publish has-post-thumbnail hentry\" >\n\t\t\t\n\t\t\t<div class=\"tribe-events-calendar-latest-past__event-details tribe-common-g-col\">\n\n\t\t\t\t<header class=\"tribe-events-calendar-latest-past__event-header\">\n\t\t\t\t\t<div class=\"tribe-events-calendar-latest-past__event-datetime-wrapper tribe-common-b2\">\n\t\t<time class=\"tribe-events-calendar-latest-past__event-datetime\" datetime=\"2021-02-09\">\n\t\t<span class=\"tribe-event-date-start\">9 February 2021 @ 15:00<\/span> - <span class=\"tribe-event-time\">17:00<\/span>\t<\/time>\n\t<\/div>\n\t\t\t\t\t<h3 class=\"tribe-events-calendar-latest-past__event-title tribe-common-h6 tribe-common-h4--min-medium\">\n\t<a\n\t\thref=\"https:\/\/bursatto.com\/en\/etkinlik\/orman-endustri-muhendisligi-bolumu-tubitak-ardeb-egitimi\/\"\n\t\ttitle=\"Orman End\u00fcstri M\u00fchendisli\u011fi B\u00f6l\u00fcm\u00fc T\u00dcB\u0130TAK ARDEB E\u011fitimi\"\n\t\trel=\"bookmark\"\n\t\tclass=\"tribe-events-calendar-latest-past__event-title-link tribe-common-anchor-thin\"\n\t>\n\t\tOrman End\u00fcstri M\u00fchendisli\u011fi B\u00f6l\u00fcm\u00fc T\u00dcB\u0130TAK ARDEB E\u011fitimi\t<\/a>\n<\/h3>\n\t\t\t\t\t<address class=\"tribe-events-calendar-latest-past__event-venue tribe-common-b2\">\n\t<span class=\"tribe-events-calendar-latest-past__event-venue-title tribe-common-b2--bold\">\n\t\tBursa Teknik \u00dcniversitesi Teknoloji Transfer Ofisi A.\u015e.\t<\/span>\n\t<span class=\"tribe-events-calendar-latest-past__event-venue-address\">\n\t\tBursa Teknik \u00dcniversitesi Teknoloji Transfer Ofisi A.\u015e., \t\t\t\t\tBursa\t\t\t<\/span>\n<\/address>\n\t\t\t\t<\/header>\n\n\t\t\t\t\t\t\t\t\n\t\t\t<\/div>\n\t\t<\/article>\n\t<\/div>\n\n<\/div>\n\n\t\n<\/div>\n\n\t\t\n\t<\/div>\n\n<\/div>\n\n[\/vc_column_text][\/vc_column][\/vc_row]<\/p>\n","protected":false},"excerpt":{"rendered":"<p>[vc_row][vc_column width=&#8221;1\/1&#8243;][vc_column_text][\/vc_column_text][\/vc_column][\/vc_row]<\/p>\n","protected":false},"author":1,"featured_media":0,"parent":0,"menu_order":0,"comment_status":"closed","ping_status":"closed","template":"","meta":{"footnotes":""},"_links":{"self":[{"href":"https:\/\/bursatto.com\/en\/wp-json\/wp\/v2\/pages\/85075"}],"collection":[{"href":"https:\/\/bursatto.com\/en\/wp-json\/wp\/v2\/pages"}],"about":[{"href":"https:\/\/bursatto.com\/en\/wp-json\/wp\/v2\/types\/page"}],"author":[{"embeddable":true,"href":"https:\/\/bursatto.com\/en\/wp-json\/wp\/v2\/users\/1"}],"replies":[{"embeddable":true,"href":"https:\/\/bursatto.com\/en\/wp-json\/wp\/v2\/comments?post=85075"}],"version-history":[{"count":0,"href":"https:\/\/bursatto.com\/en\/wp-json\/wp\/v2\/pages\/85075\/revisions"}],"wp:attachment":[{"href":"https:\/\/bursatto.com\/en\/wp-json\/wp\/v2\/media?parent=85075"}],"curies":[{"name":"wp","href":"https:\/\/api.w.org\/{rel}","templated":true}]}}